{"id":308,"date":"2017-11-02T12:04:06","date_gmt":"2017-11-02T11:04:06","guid":{"rendered":"http:\/\/ns-wissenschaft.fheh.org\/?page_id=308"},"modified":"2018-03-01T17:42:54","modified_gmt":"2018-03-01T16:42:54","slug":"zwischenvoelkische-aussprache-internationale-wissenschaftsbeziehungen-in-wissenschaftlichen-zeitschriften-1933-45","status":"publish","type":"page","link":"http:\/\/ns-wissenschaft.fheh.org\/?page_id=308","title":{"rendered":"\u201eZwischenv\u00f6lkische Aussprache\u201c. Internationale Wissenschaftsbeziehungen in wissenschaftlichen Zeitschriften 1933\u201345"},"content":{"rendered":"<p>Tagung, 02. bis 04.11.2017, Institut f\u00fcr deutsche Literatur der Humboldt-Universit\u00e4t zu Berlin, Dorotheenstra\u00dfe 24, 10 099 Berlin, HP 3.246<\/p>\n<p><strong>Donnerstag, 2. November<\/strong><\/p>\n<p><strong>19 Uhr Abendvortrag<\/strong><br \/>\n<strong>Frank-Rutger Hausmann<\/strong> (Freiburg): Internationalit\u00e4t von Geistes- und Kulturwissenschaften in der NS-Zeit \u2013 die deutsch-franz\u00f6sische Rivalit\u00e4t im Spiegel der romanistischen Fachzeitschriften<\/p>\n<p><strong>Freitag, 3. November <\/strong><\/p>\n<p><strong>9:30 \u2013 10:15 Uhr<\/strong><br \/>\n<strong>Andrea Albrecht, Lutz Danneberg, Alexandra Skowronski<\/strong> (Heidelberg\/ Hamburg): Zwischenv\u00f6lkisches Verstehen. Zur Einf\u00fchrung<\/p>\n<p><strong>10:15 \u2013 11:00 Uhr<br \/>\n<\/strong><strong>Ralf Klausnitzer (HU Berlin)<\/strong>: Mit Hollerith-Maschinen und 52 Mio RM. Wissenschaftliche Zeitschriften zwischen staatlichen Subventionen, politischen Imperativen und epistemischem Eigensinn<\/p>\n<p><strong>11:15 \u2013 12:00 Uhr<br \/>\nHolger Dainat<\/strong> (Bielefeld): Die Deutsche Vierteljahrsschrift f\u00fcr Literaturwissenschaft und Geistesgeschichte und ihre internationalen Beitr\u00e4ger<\/p>\n<p><strong> 12:00 \u2013 12:45 Uhr<br \/>\nIne Van Linthout<\/strong> (Gent): Europ\u00e4ischer Wissenschafts-Dienst. Expansive Internationalisierung im Rahmen des \u201eKriegseinsatzes der Geisteswissenschaften\u201c<\/p>\n<p><strong>14:00 \u2013 14.45 Uhr<br \/>\nYvonne Zimmermann<\/strong> (Stuttgart): Internationale Perspektiven der Germanisch-romanischen Monatsschrift 1933-43<\/p>\n<p><strong>14:45 \u2013 15:30 Uhr<br \/>\nKristina Mateescu<\/strong> (Heidelberg): Katholisch grundierte Internationalit\u00e4t? Die Zeitschrift Hochland<\/p>\n<p>16 &#8211; 18 Uhr Besuch der Handschriftenabteilung in der Staatsbibliothek Preu\u00dfischer Kulturbesitz (Potsdamer Platz) + Sichtung des Archivs des Verlags Walter de Gruyter<\/p>\n<p><strong>Samstag, 4. November<br \/>\n<\/strong><\/p>\n<p><strong>10 \u2013 10:45 Uhr<br \/>\nJens Thiel<\/strong> (WWU M\u00fcnster\/ HU Berlin): Internationalit\u00e4t. Was f\u00fcr eine Internationalit\u00e4t? Exemplarische \u00dcberlegungen zu Wissenschaftsakademien im \u201eDritten Reich\u201c<\/p>\n<p><strong>10:45 \u2013 11:30 Uhr<br \/>\nMatthias Berg<\/strong> (HU Berlin): Das Sch\u00f6ne und das Biest. Die deutschschweizerische Kulturzeitschrift \u201aCorona\u2019 und der Nationalsozialismus<\/p>\n<p><strong>11:45 \u2013 12:30 Uhr<br \/>\nKatrin Hudey<\/strong> (Stuttgart): \u201eDas Verst\u00e4ndnis und den Austausch zwischen Ost und West [&#8230;] f\u00f6rdern\u201c. Zur deutsch-chinesischen Zeitschrift <em>Sinica<\/em> (1925-1942)<\/p>\n<p><strong>12:30 \u2013 13:15 Uhr<br \/>\nPascale Roure<\/strong> (Istanbul): Zu t\u00fcrkisch-deutschen Kontakten<\/p>\n<p><strong>Zum Herunterladen<\/strong>:\u00a0<a href=\"http:\/\/fheh.org\/wp-content\/uploads\/2016\/07\/Tagung_Plakat_DINA3_1.pdf\">Plakat<\/a>,\u00a0<a href=\"http:\/\/fheh.org\/wp-content\/uploads\/2016\/07\/ProgrammZwischenv%C3%B6lkisches.pdf\">Programm<\/a>, <a href=\"http:\/\/hsozkult.geschichte.hu-berlin.de\/index.asp?id=7583&amp;view=pdf&amp;pn=tagungsberichte&amp;type=tagungsberichte\">Tagungsbericht<\/a><strong><br \/>\n<\/strong><\/p>\n<p>Ziel der Zusammenkunft ist es, bis dahin akkumulierte Erkenntnisse zu internationalen akademischen Beziehungen Deutschlands zwischen 1933 und 1945 vorzustellen und mit unseren Kooperationspartnern sowie einigen ausw\u00e4rtigen Experten\/ interessierten Wissenschaftlern zu diskutieren. Dabei k\u00f6nnen sowohl materiale Aspekte der bis dahin genauer rekonstruierten Entwicklungen wissenschaftlicher Periodika im Spannungsfeld politischer Lenkungsanspr\u00fcche als auch konzeptionelle und methodologische Fragen der historiographischen Arbeit thematisiert werden. Vorgesehen sind Austauschm\u00f6glichkeiten mit Berliner Wissenschaftshistorikern (von HU, FU, TU und dem MPI f\u00fcr Wissenschaftsgeschichte) und ein Besuch der Handschriftenabteilung in der Staatsbibliothek Preu\u00dfischer Kulturbesitz mit Sichtung des Archivs des Verlags Walter de Gruyter.<\/p>\n","protected":false},"excerpt":{"rendered":"<p>Tagung, 02. bis 04.11.2017, Institut f\u00fcr deutsche Literatur der Humboldt-Universit\u00e4t zu Berlin, Dorotheenstra\u00dfe 24, 10 099 Berlin, HP 3.246 Donnerstag, 2. November 19 Uhr Abendvortrag Frank-Rutger Hausmann (Freiburg): Internationalit\u00e4t von Geistes- und Kulturwissenschaften in der NS-Zeit \u2013 die deutsch-franz\u00f6sische Rivalit\u00e4t im Spiegel der romanistischen Fachzeitschriften Freitag, 3. November 9:30 \u2013 10:15 Uhr Andrea Albrecht, Lutz &hellip; <a href=\"http:\/\/ns-wissenschaft.fheh.org\/?page_id=308\" class=\"more-link\"><span class=\"screen-reader-text\">\u201eZwischenv\u00f6lkische Aussprache\u201c. Internationale Wissenschaftsbeziehungen in wissenschaftlichen Zeitschriften 1933\u201345<\/span> weiterlesen<\/a><\/p>\n","protected":false},"author":2,"featured_media":0,"parent":13,"menu_order":0,"comment_status":"closed","ping_status":"closed","template":"","meta":{"footnotes":""},"class_list":["post-308","page","type-page","status-publish","hentry"],"_links":{"self":[{"href":"http:\/\/ns-wissenschaft.fheh.org\/index.php?rest_route=\/wp\/v2\/pages\/308","targetHints":{"allow":["GET"]}}],"collection":[{"href":"http:\/\/ns-wissenschaft.fheh.org\/index.php?rest_route=\/wp\/v2\/pages"}],"about":[{"href":"http:\/\/ns-wissenschaft.fheh.org\/index.php?rest_route=\/wp\/v2\/types\/page"}],"author":[{"embeddable":true,"href":"http:\/\/ns-wissenschaft.fheh.org\/index.php?rest_route=\/wp\/v2\/users\/2"}],"replies":[{"embeddable":true,"href":"http:\/\/ns-wissenschaft.fheh.org\/index.php?rest_route=%2Fwp%2Fv2%2Fcomments&post=308"}],"version-history":[{"count":6,"href":"http:\/\/ns-wissenschaft.fheh.org\/index.php?rest_route=\/wp\/v2\/pages\/308\/revisions"}],"predecessor-version":[{"id":339,"href":"http:\/\/ns-wissenschaft.fheh.org\/index.php?rest_route=\/wp\/v2\/pages\/308\/revisions\/339"}],"up":[{"embeddable":true,"href":"http:\/\/ns-wissenschaft.fheh.org\/index.php?rest_route=\/wp\/v2\/pages\/13"}],"wp:attachment":[{"href":"http:\/\/ns-wissenschaft.fheh.org\/index.php?rest_route=%2Fwp%2Fv2%2Fmedia&parent=308"}],"curies":[{"name":"wp","href":"https:\/\/api.w.org\/{rel}","templated":true}]}}