{"id":13,"date":"2017-02-01T23:04:38","date_gmt":"2017-02-01T22:04:38","guid":{"rendered":"http:\/\/ns-wissenschaft.fheh.org\/?page_id=13"},"modified":"2020-01-06T16:38:29","modified_gmt":"2020-01-06T15:38:29","slug":"veranstaltungen","status":"publish","type":"page","link":"http:\/\/ns-wissenschaft.fheh.org\/?page_id=13","title":{"rendered":"Veranstaltungen \/ Vortr\u00e4ge"},"content":{"rendered":"<p>14.\/15. Februar 2020, Wokshop Literarische Gesellschaften und Vereine (Heidelberg)<\/p>\n<p>5. Juni 2019, 19.30 Uhr, DLA Marbach: Wilhelm Emrich. Karrierewege eines Germanisten. Mit Andrea Albrecht, Julia Pestalozzi, Karl Pestalozzi, Wolfgang Schieder, J\u00f6rg Sch\u00f6nert u.a.\u00a0<\/p>\n<p><strong>18. bis 20. Februar 2019, Tagung:\u00a0\u201e<span class=\"il\">mit vorsichtig ausgew\u00e4hlten Ausl\u00e4ndern zusammenkommen<\/span>\u201c. Internationale Tagungen und wissenschaftlicher Austausch in der Zeit des Nationalsozialismus, Internationales Wissenschaftsforum Heidelberg\u00a0<\/strong>(<a href=\"http:\/\/ns-wissenschaft.fheh.org\/wp-content\/uploads\/2019\/02\/Programm_Tagung_Internationale-Kongresse-1933\u201345_Feb.2019.pdf\">Programm<\/a>,<a href=\"https:\/\/www.hsozkult.de\/conferencereport\/id\/tagungsberichte-8221\"> Tagungsbericht<\/a>)<\/p>\n<p>23. Nov. 2018, J\u00f6rg Sch\u00f6nert: Wilhelm Emrich, Heidelberg<\/p>\n<p>15. Nov. 2018, <a href=\"http:\/\/ns-wissenschaft.fheh.org\/?page_id=29\">Andrea Albrecht<\/a>\/<a href=\"http:\/\/ns-wissenschaft.fheh.org\/?page_id=104\">Ralf Klausnitzer<\/a>, Vortrag: &#8222;Leistungen der deutschen Wissenschaft im Auslande&#8220;. Zur Reiset\u00e4tigkeit deutscher Wissenschaftler 1933 bis 1945, Workshop &#8222;Wissenschaftlicher Internationalismus und deutschsprachige Wissenschaftskultur im &#8218;Zeitalter der Extreme'&#8220;, 15.\/16. Nov. 2018, G\u00f6ttingen<\/p>\n<p>5. Nov. 2018, <a href=\"http:\/\/ns-wissenschaft.fheh.org\/?page_id=29\">Andrea Albrecht<\/a>, Vortrag: &#8222;Zwischenv\u00f6lkisches Verstehen&#8220;. Theorie und Praxis internationaler akademischer Beziehungen Deutschlands zwischen 1933 und 1945 &#8212; Projektpr\u00e4sentation, Vortragsreihe &#8222;Germanistik in Halle. Zug\u00e4nge zur Wissenschafts- und Fachgeschichte&#8220;, Universit\u00e4t Halle<\/p>\n<p>25. Juli 2018, Workshop Verschleiern, Verbergen, Verschweigen. Verdecktes Schreiben &amp;\u00a0Esoterische Kommunikation Universit\u00e4t Heidelberg, Germanistisches Seminar (<a href=\"https:\/\/www.uni-heidelberg.de\/md\/neuphil\/gs\/ndl\/albrecht\/plakat_workshopverdecktes_schreiben.pdf\">Plakat<\/a>,\u00a0<a href=\"https:\/\/www.uni-heidelberg.de\/md\/neuphil\/gs\/ndl\/albrecht\/workshop_verdecktes_schreiben_programm.pdf\">Programm<\/a>)<\/p>\n<p>27. Juli 2018, Sarah Ruppe (Freiburg), Vortrag: Sammlungen als Medien des Kulturkontakts \u2013 Karl Eptings Bibliothek und die deutsch-franz\u00f6sischen Beziehungen der 1930er und 1940er Jahre, Germanistisches Seminar Heidelberg<\/p>\n<p>19. Juli 2018, <a href=\"http:\/\/ns-wissenschaft.fheh.org\/?page_id=29\">Andrea Albrecht<\/a>, Vortrag: \u201eMathematik ist reine Wissenschaft, nichts anderes\u201c. Max Bense zu Oswald Spengler, Heinrich Scholz und David Hilbert, Oberseminar Geschichte der Mathematik, Univ. Wuppertal<\/p>\n<p>18. Juli 2018, <a href=\"http:\/\/ns-wissenschaft.fheh.org\/?page_id=29\">Andrea Albrecht<\/a>, Vortrag: &#8222;\u00dcberspitzte Gleichnisse&#8220;. Otto Neuraths Erwiderung auf Max Horkheimers Kritik am Logischen Empirismus, Kolloquium Wissenschafts- und Technikforschung, Universit\u00e4t Wuppertal<\/p>\n<p>8. bis 10. Juni 2018, <a href=\"http:\/\/ns-wissenschaft.fheh.org\/?page_id=102\">Kristina Mateescu<\/a>, Engagement und Esoterik, Vortrag auf einem Doktorandenkolloquium in Potsdam<\/p>\n<p>12.\/13. Feb. 2018, <a href=\"http:\/\/ns-wissenschaft.fheh.org\/?page_id=102\">Kristina Mateescu<\/a>, Leo Strauss&#8216;\u00a0\u201eArt of Writing\u201c, Doktoranden- und Postdoktorandenkolloquium Heidelberg.<\/p>\n<p>02.\/03. Feb. 2018 Stuttgart: <a href=\"http:\/\/ns-wissenschaft.fheh.org\/wp-content\/uploads\/2017\/02\/Bense_Workshop_Homepage.pdf\">Max Bense \u2013 Werk, Kontext, Wirkung<\/a>, Universit\u00e4t Stuttgart \/ <a href=\"http:\/\/www.ts.uni-stuttgart.de\/max-bense-forschungsstelle\/index.html\">SRCTS<\/a>, organisiert von <a href=\"http:\/\/ns-wissenschaft.fheh.org\/?page_id=19\">Alexandra Skowronski<\/a> und anderen (<a href=\"http:\/\/ns-wissenschaft.fheh.org\/wp-content\/uploads\/2018\/02\/Bense_Flyer_2018.pdf\">Flyer mit Programm<\/a>), mit einem Vortrag von Alexandra Skowronski:\u00a0\u201eDenn der Geist ist kein Gespenst\u201c. Max Bense zur \u201cPers\u00f6nlichkeit des Philosophen\u201d im Nationalsozialismus. <a href=\"https:\/\/networks.h-net.org\/node\/79435\/discussions\/1943405\/tagungsbericht-max-bense-werk-%E2%80%93-kontext-%E2%80%93-wirkung\">Tagungsbericht<\/a><\/p>\n<p>23. bis 25. Nov. 2017, Tagung &#8222;Autobiographik von Exil, Widerstand, Verfolgung und Lagererfahrung&#8220;, veranstaltet vom Institut f\u00fcr Neuzeit- und Zeitgeschichtsforschung (INZ) der \u00d6sterreichischen Akademie der Wissenschaften (\u00d6AW), Theodor Kramer Gesellschaft und Haus der Geschichte \u00d6sterreich. Vortrag von <a href=\"http:\/\/ns-wissenschaft.fheh.org\/?page_id=102\">Kristina Mateescu<\/a>: \u201eWien war gestorben.\u201c Zu Oskar Jellineks Exiltageb\u00fcchern und autobiographischen Manuskripten<\/p>\n<p>24. bis 26. Nov. 2017 4. Freudenst\u00e4dter Forschungskolloquium im Kloster H\u00f6chst mit\u00a0<a href=\"http:\/\/ns-wissenschaft.fheh.org\/?page_id=106\">Jens Krumeich<\/a>: \u201e\u201a[G]rotesk-grausige[] Narretei\u2018. Der Expressionismus in Fritz Martinis Beitrag zur Aktion Ritterbusch (1941)\u201c;\u00a0<a href=\"http:\/\/ns-wissenschaft.fheh.org\/?page_id=87\">Katrin Hudey<\/a>: \u201e\u201aDas Trugbild von China\u2018 berichtigen. Richard Wilhelms Zeitschrift Sinica. Chinesische Bl\u00e4tter f\u00fcr Wissenschaft und Kunst (1925-1942)\u201c; Annika Differding: &#8222;Hans Naumann und die Gegenwartsliteratur&#8220;<\/p>\n<p><strong>02. bis 04. Nov. 2017 HU Berlin: <a href=\"http:\/\/ns-wissenschaft.fheh.org\/?page_id=308\">\u201eZwischenv\u00f6lkische Aussprache\u201c. Internationale Wissenschaftsbeziehungen in wissenschaftlichen Zeitschriften 1933\u201345<\/a>, mit Frank-Rutger Hausmann und anderen Beitr\u00e4gern (<a href=\"http:\/\/fheh.org\/wp-content\/uploads\/2016\/07\/Tagung_Plakat_DINA3_1.pdf\">Plakat<\/a>, <a href=\"http:\/\/fheh.org\/wp-content\/uploads\/2016\/07\/ProgrammZwischenv\u00f6lkisches.pdf\">Programm<\/a>, <a href=\"https:\/\/www.hsozkult.de\/conferencereport\/id\/tagungsberichte-7583\">Tagungsbericht<\/a>)<br \/><\/strong><\/p>\n<p>12.\/13. Okt. 2017 Workshop Formen und Funktionen des Tagebuchs (Univ. Stuttgart),\u00a0Vortrag von <a href=\"http:\/\/ns-wissenschaft.fheh.org\/?page_id=102\">Kristina Mateescu<\/a>: Oskar Jellineks Exiltageb\u00fccher<\/p>\n<p>10. Aug. 2017 Workshop in Heidelberg (mit <a href=\"http:\/\/ns-wissenschaft.fheh.org\/?page_id=31\">Lutz Danneberg<\/a>): Referate von <a href=\"http:\/\/ns-wissenschaft.fheh.org\/?page_id=19\">Alexandra Skowronski<\/a>, Geist und Macht, und <a href=\"http:\/\/ns-wissenschaft.fheh.org\/?page_id=102\">Kristina Mateescu<\/a>: Hochland-Romantik.<\/p>\n<p>06. Juli 2017 Vortrag von <a href=\"http:\/\/ns-wissenschaft.fheh.org\/?page_id=29\">Andrea Albrecht<\/a> und <a href=\"http:\/\/ns-wissenschaft.fheh.org\/?page_id=19\">Alexandra Skowronski<\/a>: Das &#8222;<span class=\"il\">geistige<\/span> <span class=\"il\">Reich<\/span> <span class=\"il\">der<\/span> <span class=\"il\">Deutschen&#8220;.<\/span> Zur modernen Physik und Mathematik im Nationalsozialismus; Univ. Regensburg<\/p>\n<p>30. bis 02. Juli 2017 Kolloquium\u00a0\u00a0mit Vortr\u00e4gen von <a href=\"http:\/\/ns-wissenschaft.fheh.org\/?page_id=102\">Kristina Mateescu<\/a>: &#8222;Hochland-Romantik&#8220;: Alois Dempfs &#8222;G\u00f6rres spricht zu unserer Zeit&#8220; (1933); <a href=\"http:\/\/ns-wissenschaft.fheh.org\/?page_id=19\">Alexandra Skowronski<\/a>: Das &#8222;geistige Reich der Deutschen&#8220;. Max Bense \u00fcber moderne Physik und Mathematik im Nationalsozialismus; <a href=\"http:\/\/ns-wissenschaft.fheh.org\/?page_id=106\">Jens Krumeich<\/a>: Fritz Martini. Ein literaturwissenschaftlicher Autor w\u00e4hrend und nach der NS-Zeit; <a href=\"http:\/\/ns-wissenschaft.fheh.org\/?page_id=87\">Katrin Hudey<\/a> und Lingyi Yang: Walter Meckauers politische Schriften vor, w\u00e4hrend und nach dem Exil, Univ. Saarbr\u00fccken<\/p>\n<p>19.05.\/20. Mai 2017 Vortrag von Lutz Danneberg und Andrea Albrecht: Beauty = Truth? On Aesthetic Criteria for Scientific Validity, \u00a0Tagung: <a href=\"http:\/\/ns-wissenschaft.fheh.org\/wp-content\/uploads\/2017\/02\/flyer_blue.pdf\">Aesthetics of Mathematics and Mathematics of Aesthetics<\/a>, Mendrisio (mit einer Analyse von E.R. Jaenschs Typenlehre)<\/p>\n<p>03.\/04. Feb. 2017 Doktorandenkolloqium Heidelberg: Vortrag von <a href=\"http:\/\/ns-wissenschaft.fheh.org\/?page_id=102\">Kristina Mateescu<\/a> und <a href=\"http:\/\/ns-wissenschaft.fheh.org\/?page_id=19\">Alexandra Skowronski<\/a> zum Verdeckten Schreiben: Ernst Kapp, Alfred von Martin; Vortrag von <a href=\"http:\/\/ns-wissenschaft.fheh.org\/?page_id=87\">Katrin Hudey<\/a>\u00a0zum China-Diskurs der Zwischenkriegsjahre<\/p>\n<p>24. Jan. 2017 Univ. Stuttgart: Vortrag von <a href=\"http:\/\/ns-wissenschaft.fheh.org\/?page_id=108\">Pascale Roure<\/a>, T\u00fcrkisch-deutsche Kontakte zwischen 1933 und 1945<\/p>\n<p>13. Jan. 2017 Univ. Stuttgart:\u00a0\u00a0<a href=\"http:\/\/ns-wissenschaft.fheh.org\/?page_id=104\">Ralf Klausnitzer<\/a>, Neuere Forschungen zur Internationalit\u00e4t der Geisteswissenschaften und Entwicklungen 1933\u201345; <a href=\"http:\/\/ns-wissenschaft.fheh.org\/?page_id=29\">Andrea Albrecht<\/a>, Zum Nachrichtenblatt\u00a0<em>Forschungen und Fortschritte<\/em>; <a href=\"http:\/\/ns-wissenschaft.fheh.org\/?page_id=19\">Alexandra Skowronski<\/a>\/<a href=\"http:\/\/ns-wissenschaft.fheh.org\/?page_id=102\">Kristina Mateescu<\/a>, Verdecktes Schreiben am Beispiel von Alfred von Martin<\/p>\n<p>22. bis 24. Sept. 2016 Cornell University, <a href=\"http:\/\/ns-wissenschaft.fheh.org\/?page_id=104\">Ralf Klausnitzer<\/a>, Vortrag: Ways of knowledge. Konzepte und Verfahren zur Rekonstruktion von Wissenstransfers. Beitrag zur Tagung &#8222;Theory transfer&#8220; am Institute for German Cultural Studies der Cornell University in Ithaca, NY<\/p>\n<p>9. bis 11. Sept. 2016, Brunnen (Schweiz): Ralf Klausnitzer, &#8222;Deutschester der deutschen Dichter&#8220;? Joseph von Eichendorff in der NS-Zeit. Beitrag auf dem Symposium &#8222;Ottmar Schoeck und seine Oper <em>Das Schlo\u00df D\u00fcrande<\/em>.<span style=\"color: #000000; font-family: Lucida        Sans; font-size: medium;\"><span style=\"font-family: Calibri;\"> \u00a0<\/span><\/span><\/p>\n<p>19.\/20. Feb. 2016 HU Berlin: Vortrag von \u00a0<a href=\"http:\/\/ns-wissenschaft.fheh.org\/?page_id=31\">Lutz Danneberg<\/a> und Andrea Albrecht, Wilhelm Emrichs \u201eDer Einbruch des Judentums in das wissenschaftliche und fachliche Denken\u201c; Erich Rothacker. Zwei Kommentare auf dem Workshop <a href=\"http:\/\/fheh.org\/?page_id=2797\">Wilhelm Emrich \u2013 der akademische und berufliche Lebensverlauf eines Geisteswissenschaftlers<\/a><\/p>\n<p>3. bis 6. Sept. 2014 Villa Vigoni bei Loveno di Menaggio (Como, Italien). Internationale Tagung, gef\u00f6rdert von der Deutschen Forschungsgemeinschaft:\u00a0Die akademische \u201aAchse Berlin \u2013 Rom\u2018? Zum wissenschaftlich-kulturellen Austausch zwischen Italien und Deutschland in den 1920er bis 1940er Jahren \/\u00a0L\u201cAsse accademica Berlino \u2013 Roma\u2018? Sullo scambio scientifico-culturale tra Italia e Germania dagli anni \u201920\u2013\u201940 del Novecento, veranstaltet von <a title=\"Albrecht, Andrea\" href=\"http:\/\/ns-wissenschaft.fheh.org\/?page_id=29\">Andrea Albrecht<\/a> (Stuttgart), <a title=\"Danneberg, Lutz\" href=\"http:\/\/ns-wissenschaft.fheh.org\/?page_id=31\">Lutz Danneberg<\/a> (HU Berlin), Simone de Angelis (Graz).\u00a0<a href=\"http:\/\/www.hsozkult.de\/conferencereport\/id\/tagungsberichte-5634\">Tagungsbericht<\/a>, <a href=\"http:\/\/ns-wissenschaft.fheh.org\/?page_id=47\">Tagungsband<\/a><\/p>\n\n\n<p><\/p>\n","protected":false},"excerpt":{"rendered":"<p>14.\/15. Februar 2020, Wokshop Literarische Gesellschaften und Vereine (Heidelberg) 5. Juni 2019, 19.30 Uhr, DLA Marbach: Wilhelm Emrich. Karrierewege eines Germanisten. Mit Andrea Albrecht, Julia Pestalozzi, Karl Pestalozzi, Wolfgang Schieder, J\u00f6rg Sch\u00f6nert u.a.\u00a0 18. bis 20. Februar 2019, Tagung:\u00a0\u201emit vorsichtig ausgew\u00e4hlten Ausl\u00e4ndern zusammenkommen\u201c. Internationale Tagungen und wissenschaftlicher Austausch in der Zeit des Nationalsozialismus, Internationales Wissenschaftsforum &hellip; <a href=\"http:\/\/ns-wissenschaft.fheh.org\/?page_id=13\" class=\"more-link\"><span class=\"screen-reader-text\">Veranstaltungen \/ Vortr\u00e4ge<\/span> weiterlesen<\/a><\/p>\n","protected":false},"author":1,"featured_media":0,"parent":0,"menu_order":3,"comment_status":"closed","ping_status":"closed","template":"","meta":{"footnotes":""},"class_list":["post-13","page","type-page","status-publish","hentry"],"_links":{"self":[{"href":"http:\/\/ns-wissenschaft.fheh.org\/index.php?rest_route=\/wp\/v2\/pages\/13","targetHints":{"allow":["GET"]}}],"collection":[{"href":"http:\/\/ns-wissenschaft.fheh.org\/index.php?rest_route=\/wp\/v2\/pages"}],"about":[{"href":"http:\/\/ns-wissenschaft.fheh.org\/index.php?rest_route=\/wp\/v2\/types\/page"}],"author":[{"embeddable":true,"href":"http:\/\/ns-wissenschaft.fheh.org\/index.php?rest_route=\/wp\/v2\/users\/1"}],"replies":[{"embeddable":true,"href":"http:\/\/ns-wissenschaft.fheh.org\/index.php?rest_route=%2Fwp%2Fv2%2Fcomments&post=13"}],"version-history":[{"count":56,"href":"http:\/\/ns-wissenschaft.fheh.org\/index.php?rest_route=\/wp\/v2\/pages\/13\/revisions"}],"predecessor-version":[{"id":451,"href":"http:\/\/ns-wissenschaft.fheh.org\/index.php?rest_route=\/wp\/v2\/pages\/13\/revisions\/451"}],"wp:attachment":[{"href":"http:\/\/ns-wissenschaft.fheh.org\/index.php?rest_route=%2Fwp%2Fv2%2Fmedia&parent=13"}],"curies":[{"name":"wp","href":"https:\/\/api.w.org\/{rel}","templated":true}]}}