{"id":10,"date":"2017-02-01T23:04:23","date_gmt":"2017-02-01T22:04:23","guid":{"rendered":"http:\/\/ns-wissenschaft.fheh.org\/?page_id=10"},"modified":"2017-09-05T09:02:46","modified_gmt":"2017-09-05T07:02:46","slug":"kontakt","status":"publish","type":"page","link":"http:\/\/ns-wissenschaft.fheh.org\/?page_id=10","title":{"rendered":"Kontakt"},"content":{"rendered":"<p>Prof. Dr. Andrea Albrecht<br \/>\nUniversit\u00e4t Heidelberg<br \/>\nGermanistisches Seminar<br \/>\nHauptstr. 207\u2013209<br \/>\nD \u2013 69117 Heidelberg<br \/>\nEmail: andrea.albrecht@gs.uni-heidelberg.de<\/p>\n<p><strong>Externe Links:<\/strong><br \/>\nDie Links auf dieser Seite verweisen auf weitervermittelte Inhalte, die sich die Universit\u00e4t Heidelberg nicht zu eigen macht. Die Verantwortlichkeit liegt beim jeweiligen externen Anbieter. Die externen Inhalte wurden beim Setzen des Links gepr\u00fcft. Es ist nicht auszuschlie\u00dfen, dass die Inhalte im Nachhinein von den jeweiligen Anbietern ver\u00e4ndert werden. Sollten Sie der Ansicht sein, dass die verlinkten externen Seiten gegen geltendes Recht versto\u00dfen oder sonst unangemessene Inhalte haben, so teilen Sie uns dies bitte mit.<\/p>\n","protected":false},"excerpt":{"rendered":"<p>Prof. Dr. Andrea Albrecht Universit\u00e4t Heidelberg Germanistisches Seminar Hauptstr. 207\u2013209 D \u2013 69117 Heidelberg Email: andrea.albrecht@gs.uni-heidelberg.de Externe Links: Die Links auf dieser Seite verweisen auf weitervermittelte Inhalte, die sich die Universit\u00e4t Heidelberg nicht zu eigen macht. Die Verantwortlichkeit liegt beim jeweiligen externen Anbieter. Die externen Inhalte wurden beim Setzen des Links gepr\u00fcft. Es ist nicht &hellip; <a href=\"http:\/\/ns-wissenschaft.fheh.org\/?page_id=10\" class=\"more-link\"><span class=\"screen-reader-text\">Kontakt<\/span> weiterlesen<\/a><\/p>\n","protected":false},"author":1,"featured_media":0,"parent":0,"menu_order":7,"comment_status":"closed","ping_status":"closed","template":"","meta":{"footnotes":""},"class_list":["post-10","page","type-page","status-publish","hentry"],"_links":{"self":[{"href":"http:\/\/ns-wissenschaft.fheh.org\/index.php?rest_route=\/wp\/v2\/pages\/10","targetHints":{"allow":["GET"]}}],"collection":[{"href":"http:\/\/ns-wissenschaft.fheh.org\/index.php?rest_route=\/wp\/v2\/pages"}],"about":[{"href":"http:\/\/ns-wissenschaft.fheh.org\/index.php?rest_route=\/wp\/v2\/types\/page"}],"author":[{"embeddable":true,"href":"http:\/\/ns-wissenschaft.fheh.org\/index.php?rest_route=\/wp\/v2\/users\/1"}],"replies":[{"embeddable":true,"href":"http:\/\/ns-wissenschaft.fheh.org\/index.php?rest_route=%2Fwp%2Fv2%2Fcomments&post=10"}],"version-history":[{"count":9,"href":"http:\/\/ns-wissenschaft.fheh.org\/index.php?rest_route=\/wp\/v2\/pages\/10\/revisions"}],"predecessor-version":[{"id":291,"href":"http:\/\/ns-wissenschaft.fheh.org\/index.php?rest_route=\/wp\/v2\/pages\/10\/revisions\/291"}],"wp:attachment":[{"href":"http:\/\/ns-wissenschaft.fheh.org\/index.php?rest_route=%2Fwp%2Fv2%2Fmedia&parent=10"}],"curies":[{"name":"wp","href":"https:\/\/api.w.org\/{rel}","templated":true}]}}